{"id":1513,"date":"2016-06-22T09:50:37","date_gmt":"2016-06-22T07:50:37","guid":{"rendered":"http:\/\/pdl.ee\/?page_id=1513"},"modified":"2022-07-07T16:55:43","modified_gmt":"2022-07-07T13:55:43","slug":"%d0%b3%d0%bb%d0%b0%d0%b2%d0%bd%d0%b0%d1%8f","status":"publish","type":"page","link":"http:\/\/pdl.ee\/et\/","title":{"rendered":"Avaleht"},"content":{"rendered":"<section class=\"wpb-content-wrapper\"><p>[vc_row gap=&#8221;30&#8243; full_height=&#8221;yes&#8221; row_fullwidth=&#8221;1&#8243; bg_slider=&#8221;on&#8221; css=&#8221;.vc_custom_1467723145617{margin-top: 0px !important;margin-right: 0px !important;margin-bottom: 0px !important;margin-left: 0px !important;padding-top: 70px !important;padding-right: 0px !important;padding-left: 0px !important;background-color: #000000 !important;}&#8221; bg_slider_images=&#8221;1525,1522,1821,1523&#8243; font_color=&#8221;#ffffff&#8221;][vc_column][vc_column_text css=&#8221;.vc_custom_1545132579792{margin-bottom: 0px !important;padding-bottom: 0px !important;}&#8221;]<\/p>\n<h3 style=\"text-align: center;\">PDL aitab t\u00e4ita Teie k\u00f5iki logistilisi \u00fclesandeid<\/h3>\n<p>[\/vc_column_text][vc_custom_heading text=&#8221;Kaupade vedu mureks? See on meie t\u00f6\u00f6, aitame.&#8221; font_container=&#8221;tag:h2|font_size:70|text_align:center|color:%23ffffff|line_height:74px&#8221; use_theme_fonts=&#8221;yes&#8221; css=&#8221;.vc_custom_1473246703087{padding-right: 20% !important;padding-left: 20% !important;}&#8221;][vc_row_inner css=&#8221;.vc_custom_1461009895762{margin-right: 0px !important;margin-left: 0px !important;padding-top: 280px !important;padding-right: 0px !important;padding-left: 0px !important;}&#8221;][vc_column_inner width=&#8221;1\/3&#8243;]<div class=\"ozy-simlple-info-box \" id=\"simple-info-box-5160\"  style=\"background:url(http:\/\/pdl.ee\/wp-content\/uploads\/2016\/06\/truck6.jpg)\"><section><h5><\/h5><h2>Maanteetransport<\/h2><p>Tarnime kaupu Euroopa tehastest vene klientide lattu v\u00f5i ehitusplatsile (door-to-door tarne t\u00fc\u00fcp) koos tollivormistusega.<\/p><a href=\"http:\/\/pdl.ee\/et\/logistic_service\/\" target=\"_self\">Loe veel<\/a>\n<\/section>\n<\/div>[\/vc_column_inner][vc_column_inner width=&#8221;1\/3&#8243;]<div class=\"ozy-simlple-info-box \" id=\"simple-info-box-5684\"  style=\"background:url(http:\/\/pdl.ee\/wp-content\/uploads\/2016\/06\/ship4.jpg)\"><section><h5><\/h5><h2>Meretransport<\/h2><p>H\u00e4stitoimiv transpordiskeem v\u00f5imaldab tarnida nii suuri, kuid ka v\u00e4ikseid tellimusi - alates 1 kaubaalust. T\u00e4nu t\u00e4psele ajakavale saate oma kauba t\u00e4pselt kindlaksm\u00e4\u00e4ratud aja jooksul.<\/p><a href=\"http:\/\/pdl.ee\/et\/logistic_service\/\" target=\"_self\">Loe veel<\/a>\n<\/section>\n<\/div>[\/vc_column_inner][vc_column_inner width=&#8221;1\/3&#8243;]<div class=\"ozy-simlple-info-box \" id=\"simple-info-box-7604\"  style=\"background:url(http:\/\/pdl.ee\/wp-content\/uploads\/2016\/06\/tilt-shift-train.jpg)\"><section><h5><\/h5><h2>Raudteetransport<\/h2><p>Meie lao territooriumil on raudteed - on v\u00f5imalik kasutada raudtee vaguneid kaupade vastuv\u00f5tmiseks ja saatmiseks.<\/p><a href=\"http:\/\/pdl.ee\/et\/logistic_service\/\" target=\"_self\">Loe veel<\/a>\n<\/section>\n<\/div>[\/vc_column_inner][\/vc_row_inner][\/vc_column][\/vc_row][vc_row bg_parallax=&#8221;on&#8221; font_color=&#8221;#ffffff&#8221; css=&#8221;.vc_custom_1469431680819{margin-top: 0px !important;margin-bottom: 0px !important;padding-top: 60px !important;padding-bottom: 120px !important;background-image: url(http:\/\/pdl.ee\/wp-content\/uploads\/2016\/06\/truck2.jpg?id=1629) !important;}&#8221;][vc_column]<h2 class=\"ozy-divider-cap-center wpb_content_element\">MEIE TEENUSED<\/h2><div class=\"ozy-content-divider \" style=\"border-top-style:solid;border-top-width:2px;border-top-color:#34ccff;width:40px;max-width:40px;margin:20px auto;\"><\/div>[vc_row_inner][vc_column_inner width=&#8221;1\/2&#8243;]<div id=\"tile-with-icon_icon7788\" class=\"title-with-icon-wrapper clear xxlarge \" data-color=\"\"><div class=\"wpb_content_element title-with-icon clearfix margin-bottom-0 \"><span  style=\"color:#34ccff !important;background-color: !important;\" class=\"oic-flaticon1-delivery18 clear xxlarge \" ><\/span><h3 class=\"content-color\" style=\"\">3PL-teenused<\/h3><\/div><div class=\"wpb_content_element left-cs title-with-icon-content xxlarge clearfix\" style=\"\"><span style=\"color: #888fa1;\"><span style=\"color: #ffffff;\">Me pakume kolmanda osapoole logistika (3PL) teenust. Tarnime kaupu Euroopa tehastest vene klientide lattu v\u00f5i ehitusplatsile (door-to-door tarne t\u00fc\u00fcp) koos tollivormistusega &#8211; tarnetingimused Incoterms 2010 DDP.<\/span><br \/>\n<\/span><\/div><\/div><div id=\"tile-with-icon_icon3297\" class=\"title-with-icon-wrapper clear xxlarge \" data-color=\"\"><div class=\"wpb_content_element title-with-icon clearfix margin-bottom-0 \"><span  style=\"color:#34ccff !important;background-color: !important;\" class=\"oic-torso-female clear xxlarge \" ><\/span><h3 class=\"content-color\" style=\"\">Tolliagent<\/h3><\/div><div class=\"wpb_content_element left-cs title-with-icon-content xxlarge clearfix\" style=\"\"><span style=\"color: #888fa1;\"><span style=\"color: #ffffff;\">Tolliagenditeenuseid, mis h\u00f5lmavad endas k\u00f5ike alates deklaratsioonide tr\u00fckkimisest kuni tollivormistuseni Eestis ja teistes EL riikides.<\/span><br \/>\n<\/span><\/div><\/div>[\/vc_column_inner][vc_column_inner width=&#8221;1\/2&#8243;]<div id=\"tile-with-icon_icon7726\" class=\"title-with-icon-wrapper clear xxlarge \" data-color=\"\"><div class=\"wpb_content_element title-with-icon clearfix margin-bottom-0 \"><span  style=\"color:#34ccff !important;background-color: !important;\" class=\"oic-flaticon1-sea9 clear xxlarge \" ><\/span><h3 class=\"content-color\" style=\"\">Lai transpordivalik<\/h3><\/div><div class=\"wpb_content_element left-cs title-with-icon-content xxlarge clearfix\" style=\"\"><span style=\"color: #ffffff;\">Kaupade tarne on teostaud erineva transpordiga s\u00f5ltuvalt kauba t\u00fc\u00fcbist, laadimiskohast ning kliendi n\u00f5uetest tarneaja ja hinna kohta. Praegu kasutame j\u00e4rgmist transporti:<\/span><\/p>\n<ul style=\"color: #888fa1;\">\n<li><span style=\"color: #ffffff;\">veoautod;<\/span><\/li>\n<li><span style=\"color: #ffffff;\">mere- ja raudtee konteinerid;<\/span><\/li>\n<li><span style=\"color: #ffffff;\">raudtee vagunid;<\/span><\/li>\n<li><span style=\"color: #ffffff;\">rulltreilerid (RORO laevad);<\/span><\/li>\n<li><span style=\"color: #ffffff;\">prahitud laevad.<\/span><\/li>\n<\/ul>\n<p><\/div><\/div>[\/vc_column_inner][\/vc_row_inner][vc_row_inner][vc_column_inner width=&#8221;1\/2&#8243;]<div id=\"tile-with-icon_icon7133\" class=\"title-with-icon-wrapper clear xxlarge \" data-color=\"\"><div class=\"wpb_content_element title-with-icon clearfix margin-bottom-0 \"><span  style=\"color:#34ccff !important;background-color: !important;\" class=\"oic-flaticon1-delivery36 clear xxlarge \" ><\/span><h3 class=\"content-color\" style=\"\">Grupikauba tarne<\/h3><\/div><div class=\"wpb_content_element left-cs title-with-icon-content xxlarge clearfix\" style=\"\"><span style=\"color: #888fa1;\"><span style=\"color: #ffffff;\">Tarnime grupikaupa erinevatest allalaadimiskohtadest.<\/span><br \/>\n<\/span><\/div><\/div>[\/vc_column_inner][vc_column_inner width=&#8221;1\/2&#8243;]<div id=\"tile-with-icon_icon3918\" class=\"title-with-icon-wrapper clear xxlarge \" data-color=\"\"><div class=\"wpb_content_element title-with-icon clearfix margin-bottom-0 \"><span  style=\"color:#34ccff !important;background-color: !important;\" class=\"oic-flaticon1-delivery26 clear xxlarge \" ><\/span><h3 class=\"content-color\" style=\"\">V\u00e4ikeste tellimuste tarne<\/h3><\/div><div class=\"wpb_content_element left-cs title-with-icon-content xxlarge clearfix\" style=\"\"><span style=\"color: #888fa1;\"><span style=\"color: #ffffff;\">V\u00f5ime pakkuda nii t\u00e4iskoormate kui ka osakoormate transporti (alates 1 kaubaalust).<\/span><br \/>\n<\/span><\/div><\/div>[\/vc_column_inner][\/vc_row_inner][vc_row_inner][vc_column_inner width=&#8221;1\/2&#8243;]<div id=\"tile-with-icon_icon1774\" class=\"title-with-icon-wrapper clear xxlarge \" data-color=\"\"><div class=\"wpb_content_element title-with-icon clearfix margin-bottom-0 \"><span  style=\"color:#34ccff !important;background-color: !important;\" class=\"oic-flaticon2-factory3 clear xxlarge \" ><\/span><h3 class=\"content-color\" style=\"\">Tolliladu<\/h3><\/div><div class=\"wpb_content_element left-cs title-with-icon-content xxlarge clearfix\" style=\"\"><span style=\"color: #ffffff;\">Kaupade ladustamine ja konsolideerimine.<\/span><span style=\"color: #888fa1;\"><br \/>\n<\/span><\/div><\/div>[\/vc_column_inner][vc_column_inner width=&#8221;1\/2&#8243;]<div id=\"tile-with-icon_icon1679\" class=\"title-with-icon-wrapper clear xxlarge \" data-color=\"\"><div class=\"wpb_content_element title-with-icon clearfix margin-bottom-0 \"><span  style=\"color:#34ccff !important;background-color: !important;\" class=\"oic-trees clear xxlarge \" ><\/span><h3 class=\"content-color\" style=\"\">Saematerjalid<\/h3><\/div><div class=\"wpb_content_element left-cs title-with-icon-content xxlarge clearfix\" style=\"\"><span style=\"color: #888fa1;\"><span style=\"color: #ffffff;\">Vene saematerjalide import Euroopa Liitu.<\/span><br \/>\n<\/span><\/div><\/div>[\/vc_column_inner][\/vc_row_inner][\/vc_column][\/vc_row]<\/p>\n<\/section>","protected":false},"excerpt":{"rendered":"<p>[vc_row gap=&#8221;30&#8243; full_height=&#8221;yes&#8221; row_fullwidth=&#8221;1&#8243; bg_slider=&#8221;on&#8221; css=&#8221;.vc_custom_1467723145617{margin-top: 0px !important;margin-right: 0px !important;margin-bottom: 0px !important;margin-left: 0px !important;padding-top: 70px !important;padding-right: 0px !important;padding-left: 0px !important;background-color: #000000 !important;}&#8221; bg_slider_images=&#8221;1525,1522,1821,1523&#8243; font_color=&#8221;#ffffff&#8221;][vc_column][vc_column_text css=&#8221;.vc_custom_1545132579792{margin-bottom: 0px !important;padding-bottom: 0px !important;}&#8221;] PDL [&hellip;]<\/p>\n","protected":false},"author":2,"featured_media":0,"parent":0,"menu_order":0,"comment_status":"open","ping_status":"open","template":"","meta":{"footnotes":""},"class_list":["post-1513","page","type-page","status-publish","hentry"],"_links":{"self":[{"href":"http:\/\/pdl.ee\/et\/wp-json\/wp\/v2\/pages\/1513","targetHints":{"allow":["GET"]}}],"collection":[{"href":"http:\/\/pdl.ee\/et\/wp-json\/wp\/v2\/pages"}],"about":[{"href":"http:\/\/pdl.ee\/et\/wp-json\/wp\/v2\/types\/page"}],"author":[{"embeddable":true,"href":"http:\/\/pdl.ee\/et\/wp-json\/wp\/v2\/users\/2"}],"replies":[{"embeddable":true,"href":"http:\/\/pdl.ee\/et\/wp-json\/wp\/v2\/comments?post=1513"}],"version-history":[{"count":46,"href":"http:\/\/pdl.ee\/et\/wp-json\/wp\/v2\/pages\/1513\/revisions"}],"predecessor-version":[{"id":2308,"href":"http:\/\/pdl.ee\/et\/wp-json\/wp\/v2\/pages\/1513\/revisions\/2308"}],"wp:attachment":[{"href":"http:\/\/pdl.ee\/et\/wp-json\/wp\/v2\/media?parent=1513"}],"curies":[{"name":"wp","href":"https:\/\/api.w.org\/{rel}","templated":true}]}}