{"id":1632,"date":"2016-06-29T11:00:02","date_gmt":"2016-06-29T09:00:02","guid":{"rendered":"http:\/\/pdl.ee\/?page_id=1632"},"modified":"2018-12-18T15:08:58","modified_gmt":"2018-12-18T13:08:58","slug":"logistic_service","status":"publish","type":"page","link":"http:\/\/pdl.ee\/et\/logistic_service\/","title":{"rendered":"Logistika"},"content":{"rendered":"<section class=\"wpb-content-wrapper\"><p>[vc_row][vc_column][vc_custom_heading text=&#8221;Meie teenused&#8221; font_container=&#8221;tag:h1|text_align:left&#8221; use_theme_fonts=&#8221;yes&#8221; el_class=&#8221;page-title&#8221;][vc_empty_space][\/vc_column][\/vc_row][vc_row][vc_column][vc_single_image image=&#8221;1641&#8243; img_size=&#8221;full&#8221; alignment=&#8221;center&#8221; onclick=&#8221;zoom&#8221;][\/vc_column][\/vc_row][vc_row bg_parallax=&#8221;off&#8221; css=&#8221;.vc_custom_1414841734642{margin-top: 0px !important;padding-top: 40px !important;}&#8221;][vc_column width=&#8221;1\/4&#8243;][vc_single_image image=&#8221;1643&#8243; img_size=&#8221;medium&#8221; style=&#8221;vc_box_outline&#8221; onclick=&#8221;link_image&#8221;][vc_single_image image=&#8221;1639&#8243; img_size=&#8221;medium&#8221; style=&#8221;vc_box_outline&#8221; onclick=&#8221;link_image&#8221;][vc_single_image image=&#8221;1640&#8243; img_size=&#8221;medium&#8221; style=&#8221;vc_box_outline&#8221; onclick=&#8221;link_image&#8221;][vc_single_image image=&#8221;1642&#8243; img_size=&#8221;medium&#8221; style=&#8221;vc_box_outline&#8221; onclick=&#8221;link_image&#8221;][vc_single_image image=&#8221;1833&#8243; img_size=&#8221;medium&#8221; style=&#8221;vc_box_outline&#8221; onclick=&#8221;link_image&#8221;][\/vc_column][vc_column width=&#8221;3\/4&#8243;][vc_column_text]<\/p>\n<h2>Logistika<\/h2>\n<p>K\u00f5ik meie j\u00f5upingitused on suunatud sellele, et pakkuda klientidele kvaliteetseid teenuseid konkurentsiv\u00f5imelise hinnaga. Me ei jaga saadud tellimusi &#8220;mugavateks&#8221; ja &#8220;ebamugavateks&#8221; ning v\u00f5ime tarnida ka v\u00e4ikseid tellimusi &#8211; alates 1 kaubaalust. Tarnime kaupu Euroopa tehastest vene klientide lattu v\u00f5i ehitusplatsile (door-to-door tarne t\u00fc\u00fcp) koos tollivormistusega &#8211; tarnetingimused Incoterms 2010 DDP.<\/p>\n<p>Kaupade tarne on teostaud erineva transpordiga s\u00f5ltuvalt kauba t\u00fc\u00fcbist, laadimiskohast ning kliendi n\u00f5uetest tarneaja ja hinna kohta. Praegu kasutame j\u00e4rgmist transporti:veoautod;<\/p>\n<ul>\n<li>mere- ja raudtee konteinerid;<\/li>\n<li>raudtee vagunid;<\/li>\n<li>rulltreilerid (RORO laevad);<\/li>\n<li>prahitud laevad.<\/li>\n<\/ul>\n<p>&nbsp;<\/p>\n<p>P\u00e4rast 20 aastat, meie firma on saanud m\u00e4rkimisv\u00e4\u00e4rse kogemuse ehitusmaterjalide kohaletoimetamises Euroopa tootjatest Venemaale. PackDale Logistic tarnib laia hulka ehitusmaterjale: telliskivi, katusekivi, p\u00f5randaplaadid, katuse tarvikud, jne. Meie Euroopa partnerid on rohkem, kui 120 tootjat Saksamaalt, Belgiast, Hollandist, Taanist, Poolast, Inglismaalt Prantsusmaalt, Hispaaniast, Itaaliast, Slovakkiast, Austriast.<\/p>\n<p>Meie Venemaa partnerid on ametlikud Euroopa ehitusmaterjalide tootjate edasim\u00fc\u00fcjad, kes asuvad Moskvas, Peterburis, Krasnodaris, Rostovis, Rjazanis, jne. Meie klientide enamikule me pakume kolmanda osapoole logistika (3PL) teenust. PackDale Logistic tegevusvaldkondadeks on:<\/p>\n<ul>\n<li>kaubavedude organiseerimine ja juhtimine;<\/li>\n<li>kaupade vastuv\u00f5tt, ladustamine ja komplekteerimine;<\/li>\n<li>tollidokumentide vormistamine.<\/li>\n<\/ul>\n<p>&nbsp;<\/p>\n<p>Valige PDL, et saata kvaliteetset teenindust. Logistika on meie t\u00f6\u00f6.[\/vc_column_text][\/vc_column][\/vc_row][vc_row][vc_column][vc_empty_space][\/vc_column][\/vc_row][vc_row css=&#8221;.vc_custom_1461016607996{margin-bottom: 0px !important;padding-bottom: 40px !important;}&#8221;][vc_column width=&#8221;1\/3&#8243;]<div id=\"tile-with-icon_icon1959\" class=\"title-with-icon-wrapper clear xxlarge \" data-color=\"\"><div class=\"wpb_content_element title-with-icon clearfix top-style\"><span  style=\"color:#34ccff !important;background-color: !important;\" class=\"oic-simple-line-icons-103 clear xxlarge \" ><\/span><h4 class=\"content-color\" style=\"\">Kvaliteetsed teenused<\/h4><\/div><\/div>[\/vc_column][vc_column width=&#8221;1\/3&#8243;]<div id=\"tile-with-icon_icon8422\" class=\"title-with-icon-wrapper clear xxlarge \" data-color=\"\"><div class=\"wpb_content_element title-with-icon clearfix top-style\"><span  style=\"color:#34ccff !important;background-color: !important;\" class=\"oic-flaticon1-containers clear xxlarge \" ><\/span><h4 class=\"content-color\" style=\"\">Usaldusv\u00e4\u00e4rne transport<\/h4><\/div><\/div>[\/vc_column][vc_column width=&#8221;1\/3&#8243;]<div id=\"tile-with-icon_icon1029\" class=\"title-with-icon-wrapper clear xxlarge \" data-color=\"\"><div class=\"wpb_content_element title-with-icon clearfix top-style\"><span  style=\"color:#34ccff !important;background-color: !important;\" class=\"oic-flaticon1-logistics2 clear xxlarge \" ><\/span><h4 class=\"content-color\" style=\"\">T\u00e4pne tarneaeg<\/h4><\/div><\/div>[\/vc_column][\/vc_row][vc_row][vc_column][vc_empty_space height=&#8221;60px&#8221;][\/vc_column][\/vc_row]<\/p>\n<\/section>","protected":false},"excerpt":{"rendered":"<p>[vc_row][vc_column][vc_custom_heading text=&#8221;Meie teenused&#8221; font_container=&#8221;tag:h1|text_align:left&#8221; use_theme_fonts=&#8221;yes&#8221; el_class=&#8221;page-title&#8221;][vc_empty_space][\/vc_column][\/vc_row][vc_row][vc_column][vc_single_image image=&#8221;1641&#8243; img_size=&#8221;full&#8221; alignment=&#8221;center&#8221; onclick=&#8221;zoom&#8221;][\/vc_column][\/vc_row][vc_row bg_parallax=&#8221;off&#8221; css=&#8221;.vc_custom_1414841734642{margin-top: 0px !important;padding-top: 40px !important;}&#8221;][vc_column width=&#8221;1\/4&#8243;][vc_single_image image=&#8221;1643&#8243; img_size=&#8221;medium&#8221; style=&#8221;vc_box_outline&#8221; onclick=&#8221;link_image&#8221;][vc_single_image image=&#8221;1639&#8243; img_size=&#8221;medium&#8221; style=&#8221;vc_box_outline&#8221; onclick=&#8221;link_image&#8221;][vc_single_image image=&#8221;1640&#8243; img_size=&#8221;medium&#8221; style=&#8221;vc_box_outline&#8221; onclick=&#8221;link_image&#8221;][vc_single_image image=&#8221;1642&#8243; [&hellip;]<\/p>\n","protected":false},"author":2,"featured_media":0,"parent":0,"menu_order":0,"comment_status":"open","ping_status":"open","template":"","meta":{"footnotes":""},"class_list":["post-1632","page","type-page","status-publish","hentry"],"_links":{"self":[{"href":"http:\/\/pdl.ee\/et\/wp-json\/wp\/v2\/pages\/1632","targetHints":{"allow":["GET"]}}],"collection":[{"href":"http:\/\/pdl.ee\/et\/wp-json\/wp\/v2\/pages"}],"about":[{"href":"http:\/\/pdl.ee\/et\/wp-json\/wp\/v2\/types\/page"}],"author":[{"embeddable":true,"href":"http:\/\/pdl.ee\/et\/wp-json\/wp\/v2\/users\/2"}],"replies":[{"embeddable":true,"href":"http:\/\/pdl.ee\/et\/wp-json\/wp\/v2\/comments?post=1632"}],"version-history":[{"count":25,"href":"http:\/\/pdl.ee\/et\/wp-json\/wp\/v2\/pages\/1632\/revisions"}],"predecessor-version":[{"id":2222,"href":"http:\/\/pdl.ee\/et\/wp-json\/wp\/v2\/pages\/1632\/revisions\/2222"}],"wp:attachment":[{"href":"http:\/\/pdl.ee\/et\/wp-json\/wp\/v2\/media?parent=1632"}],"curies":[{"name":"wp","href":"https:\/\/api.w.org\/{rel}","templated":true}]}}